{"id":2446,"date":"2022-11-09T13:36:34","date_gmt":"2022-11-09T18:36:34","guid":{"rendered":"https:\/\/sites.generatepress.com\/read\/?page_id=2446"},"modified":"2025-06-17T23:33:14","modified_gmt":"2025-06-17T21:33:14","slug":"home","status":"publish","type":"page","link":"https:\/\/www.verinarrmundo.pl\/","title":{"rendered":"Home"},"content":{"rendered":"\n<div class=\"gb-element-aac36d5e\">\n<h1 class=\"gb-text gb-text-39891606\">Blog o \u015bwiecie, w kt\u00f3rym narracje kszta\u0142tuj\u0105 decyzje, ale to rzeczywisto\u015b\u0107 ponosi ich koszty. Refleksja, bezpiecze\u0144stwo, spo\u0142ecze\u0144stwo i \u017cycie codzienne \u2013 bez z\u0142udze\u0144.<\/h1>\n<\/div>\n\n\n\n<section class=\"gb-element-06cc8a40\">\n<h2 class=\"gb-text gb-text-e3a5b7bb\">kategorie<\/h2>\n\n\n\n<div class=\"gb-element-a4c1d437 category-container\"><ul class=\"wp-block-categories-list wp-block-categories\">\t<li class=\"cat-item cat-item-3\"><a href=\"https:\/\/www.verinarrmundo.pl\/index.php\/category\/bezipa\/\">Bezpiecze\u0144stwo i pa\u0144stwo<\/a>\n<\/li>\n\t<li class=\"cat-item cat-item-5\"><a href=\"https:\/\/www.verinarrmundo.pl\/index.php\/category\/coire\/\">Codzienno\u015b\u0107 i rzemios\u0142o<\/a>\n<\/li>\n\t<li class=\"cat-item cat-item-6\"><a href=\"https:\/\/www.verinarrmundo.pl\/index.php\/category\/eipro\/\">Eseje i \u201ePro memoria\u201d<\/a>\n<\/li>\n\t<li class=\"cat-item cat-item-2\"><a href=\"https:\/\/www.verinarrmundo.pl\/index.php\/category\/narrre\/\">Narracje i rzeczywisto\u015b\u0107<\/a>\n<\/li>\n\t<li class=\"cat-item cat-item-1\"><a href=\"https:\/\/www.verinarrmundo.pl\/index.php\/category\/non-classe\/\">Non class\u00e9<\/a>\n<\/li>\n\t<li class=\"cat-item cat-item-17\"><a href=\"https:\/\/www.verinarrmundo.pl\/index.php\/category\/slownik-pomocnik-faq\/\">S\u0142ownik pomocnik FAQ<\/a>\n<\/li>\n\t<li class=\"cat-item cat-item-4\"><a href=\"https:\/\/www.verinarrmundo.pl\/index.php\/category\/spoiper\/\">Spo\u0142ecze\u0144stwo i percepcja<\/a>\n<\/li>\n<\/ul><\/div>\n<\/section>\n\n\n\n<section class=\"gb-element-2584cc07\">\n<div class=\"gb-element-0b4d5b7b\">\n<div class=\"gb-element-b2180c84\">\n<h4 class=\"gb-text gb-text-fefc01ca\">Featured article<\/h4>\n\n\n\n<div><\/div>\n\n\n\n<h4 class=\"gb-text gb-text-f9ea01e0\">Latest articles<\/h4>\n\n\n\n<div><div class=\"gb-looper-945dabed\">\n<article class=\"gb-loop-item post-2530 post type-post status-publish format-standard hentry category-slownik-pomocnik-faq tag-breughel generate-columns tablet-grid-50 mobile-grid-100 grid-parent grid-33\">\n\n\n<h2 class=\"gb-text gb-text-af77eae7\"><a href=\"https:\/\/www.verinarrmundo.pl\/index.php\/2025\/06\/23\/iluzja-narracji-a-rzeczywistosc-sredniowieczne-i-renesansowe-obrazy-europejskie\/\">Iluzja narracji a rzeczywisto\u015b\u0107 \u2013 \u015bredniowieczne i renesansowe obrazy europejskie<\/a><\/h2>\n\n\n\n<p class=\"gb-text gb-text-a25df619\"><a href=\"https:\/\/www.verinarrmundo.pl\/author\/admin1635\/\">Tomasz Brzozowski<\/a><\/p>\n\n\n\n<p class=\"gb-text gb-text-49637be7\">|<\/p>\n\n\n\n<p class=\"gb-text gb-text-bc758605\">2025-06-23<\/p>\n\n\n\n<p class=\"gb-text gb-text-cb340bff\">|<\/p>\n\n\n\n<p class=\"gb-text gb-text-6feaa150\"><a href=\"https:\/\/www.verinarrmundo.pl\/index.php\/category\/slownik-pomocnik-faq\/\" rel=\"tag\">S\u0142ownik pomocnik FAQ<\/a><\/p>\n<\/article>\n\n<article class=\"gb-loop-item post-2511 post type-post status-publish format-standard hentry category-slownik-pomocnik-faq tag-gilles-deleuze tag-jacques-derrida tag-jean-francois-lyotard tag-julia-kristeva tag-michel-foucault tag-roland-barthes generate-columns tablet-grid-50 mobile-grid-100 grid-parent grid-33\">\n\n\n<h2 class=\"gb-text gb-text-af77eae7\"><a href=\"https:\/\/www.verinarrmundo.pl\/index.php\/2025\/06\/22\/kluczowi-tworcy-poststrukturalizmu\/\">Kluczowi tw\u00f3rcy poststrukturalizmu<\/a><\/h2>\n\n\n\n<p class=\"gb-text gb-text-a25df619\"><a href=\"https:\/\/www.verinarrmundo.pl\/author\/admin1635\/\">Tomasz Brzozowski<\/a><\/p>\n\n\n\n<p class=\"gb-text gb-text-49637be7\">|<\/p>\n\n\n\n<p class=\"gb-text gb-text-bc758605\">2025-06-22<\/p>\n\n\n\n<p class=\"gb-text gb-text-cb340bff\">|<\/p>\n\n\n\n<p class=\"gb-text gb-text-6feaa150\"><a href=\"https:\/\/www.verinarrmundo.pl\/index.php\/category\/slownik-pomocnik-faq\/\" rel=\"tag\">S\u0142ownik pomocnik FAQ<\/a><\/p>\n<\/article>\n\n<article class=\"gb-loop-item post-2500 post type-post status-publish format-standard hentry category-spoiper tag-cywilizacja-judeo-chrzescijanska tag-neomarksizm tag-poststrukturalizm tag-rewolucja-francuska generate-columns tablet-grid-50 mobile-grid-100 grid-parent grid-33\">\n\n\n<h2 class=\"gb-text gb-text-af77eae7\"><a href=\"https:\/\/www.verinarrmundo.pl\/index.php\/2025\/06\/22\/rytm-buntu-i-pamieci\/\">Rytm buntu i pami\u0119ci \u2013 cywilizacja mi\u0119dzy dziedzictwem a rewolucj\u0105<\/a><\/h2>\n\n\n\n<p class=\"gb-text gb-text-a25df619\"><a href=\"https:\/\/www.verinarrmundo.pl\/author\/admin1635\/\">Tomasz Brzozowski<\/a><\/p>\n\n\n\n<p class=\"gb-text gb-text-49637be7\">|<\/p>\n\n\n\n<p class=\"gb-text gb-text-bc758605\">2025-06-22<\/p>\n\n\n\n<p class=\"gb-text gb-text-cb340bff\">|<\/p>\n\n\n\n<p class=\"gb-text gb-text-6feaa150\"><a href=\"https:\/\/www.verinarrmundo.pl\/index.php\/category\/spoiper\/\" rel=\"tag\">Spo\u0142ecze\u0144stwo i percepcja<\/a><\/p>\n<\/article>\n\n<article class=\"gb-loop-item post-2457 post type-post status-publish format-standard hentry category-bezipa generate-columns tablet-grid-50 mobile-grid-100 grid-parent grid-33\">\n\n\n<h2 class=\"gb-text gb-text-af77eae7\"><a href=\"https:\/\/www.verinarrmundo.pl\/index.php\/2025\/06\/17\/narracja-a-bezpieczenstwo-iluzje-interesy-i-rzeczywistosc\/\">Narracja a bezpiecze\u0144stwo: iluzje, interesy i rzeczywisto\u015b\u0107<\/a><\/h2>\n\n\n\n<p class=\"gb-text gb-text-a25df619\"><a href=\"https:\/\/www.verinarrmundo.pl\/author\/admin1635\/\">Tomasz Brzozowski<\/a><\/p>\n\n\n\n<p class=\"gb-text gb-text-49637be7\">|<\/p>\n\n\n\n<p class=\"gb-text gb-text-bc758605\">2025-06-17<\/p>\n\n\n\n<p class=\"gb-text gb-text-cb340bff\">|<\/p>\n\n\n\n<p class=\"gb-text gb-text-6feaa150\"><a href=\"https:\/\/www.verinarrmundo.pl\/index.php\/category\/bezipa\/\" rel=\"tag\">Bezpiecze\u0144stwo i pa\u0144stwo<\/a><\/p>\n<\/article>\n\n<article class=\"gb-loop-item post-1 post type-post status-publish format-standard hentry category-non-classe generate-columns tablet-grid-50 mobile-grid-100 grid-parent grid-33\">\n\n\n<h2 class=\"gb-text gb-text-af77eae7\"><a href=\"https:\/\/www.verinarrmundo.pl\/index.php\/2025\/06\/17\/bonjour-tout-le-monde\/\">Bonjour tout le monde\u00a0!<\/a><\/h2>\n\n\n\n<p class=\"gb-text gb-text-a25df619\"><a href=\"https:\/\/www.verinarrmundo.pl\/author\/admin1635\/\">Tomasz Brzozowski<\/a><\/p>\n\n\n\n<p class=\"gb-text gb-text-49637be7\">|<\/p>\n\n\n\n<p class=\"gb-text gb-text-bc758605\">2025-06-17<\/p>\n\n\n\n<p class=\"gb-text gb-text-cb340bff\">|<\/p>\n\n\n\n<p class=\"gb-text gb-text-6feaa150\"><a href=\"https:\/\/www.verinarrmundo.pl\/index.php\/category\/non-classe\/\" rel=\"tag\">Non class\u00e9<\/a><\/p>\n<\/article>\n\n<article class=\"gb-loop-item post-2011 post type-post status-publish format-standard has-post-thumbnail hentry category-non-classe generate-columns tablet-grid-50 mobile-grid-100 grid-parent grid-33\">\n<img loading=\"lazy\" decoding=\"async\" width=\"1024\" height=\"731\" alt=\"a painting of a battle scene\" data-media-id=\"2521\" class=\"gb-media-fba392a5\" src=\"https:\/\/www.verinarrmundo.pl\/wp-content\/uploads\/2025\/06\/The_Triumph_of_Death_by_Pieter_Bruegel_the_Elder-1024x731.jpg\" srcset=\"https:\/\/www.verinarrmundo.pl\/wp-content\/uploads\/2025\/06\/The_Triumph_of_Death_by_Pieter_Bruegel_the_Elder-1024x731.jpg 1024w, https:\/\/www.verinarrmundo.pl\/wp-content\/uploads\/2025\/06\/The_Triumph_of_Death_by_Pieter_Bruegel_the_Elder-300x214.jpg 300w, https:\/\/www.verinarrmundo.pl\/wp-content\/uploads\/2025\/06\/The_Triumph_of_Death_by_Pieter_Bruegel_the_Elder-768x548.jpg 768w, https:\/\/www.verinarrmundo.pl\/wp-content\/uploads\/2025\/06\/The_Triumph_of_Death_by_Pieter_Bruegel_the_Elder-1536x1096.jpg 1536w, https:\/\/www.verinarrmundo.pl\/wp-content\/uploads\/2025\/06\/The_Triumph_of_Death_by_Pieter_Bruegel_the_Elder-2048x1461.jpg 2048w\" sizes=\"auto, (max-width: 1024px) 100vw, 1024px\" \/>\n\n\n\n<h2 class=\"gb-text gb-text-af77eae7\"><a href=\"https:\/\/www.verinarrmundo.pl\/index.php\/2020\/06\/25\/read-post-6\/\">Read has six identical post with six categories and one image<\/a><\/h2>\n\n\n\n<p class=\"gb-text gb-text-a25df619\"><a href=\"https:\/\/www.verinarrmundo.pl\/author\/admin1635\/\">Tomasz Brzozowski<\/a><\/p>\n\n\n\n<p class=\"gb-text gb-text-49637be7\">|<\/p>\n\n\n\n<p class=\"gb-text gb-text-bc758605\">2020-06-25<\/p>\n\n\n\n<p class=\"gb-text gb-text-cb340bff\">|<\/p>\n\n\n\n<p class=\"gb-text gb-text-6feaa150\"><a href=\"https:\/\/www.verinarrmundo.pl\/index.php\/category\/non-classe\/\" rel=\"tag\">Non class\u00e9<\/a><\/p>\n<\/article>\n\n<article class=\"gb-loop-item post-2009 post type-post status-publish format-standard has-post-thumbnail hentry category-eipro generate-columns tablet-grid-50 mobile-grid-100 grid-parent grid-33\">\n<img loading=\"lazy\" decoding=\"async\" width=\"1000\" height=\"563\" alt=\"\" data-media-id=\"2073\" class=\"gb-media-fba392a5\" src=\"https:\/\/www.verinarrmundo.pl\/wp-content\/uploads\/2020\/06\/press-photo-1.jpg\" srcset=\"https:\/\/www.verinarrmundo.pl\/wp-content\/uploads\/2020\/06\/press-photo-1.jpg 1000w, https:\/\/www.verinarrmundo.pl\/wp-content\/uploads\/2020\/06\/press-photo-1-300x169.jpg 300w, https:\/\/www.verinarrmundo.pl\/wp-content\/uploads\/2020\/06\/press-photo-1-768x432.jpg 768w\" sizes=\"auto, (max-width: 1000px) 100vw, 1000px\" \/>\n\n\n\n<h2 class=\"gb-text gb-text-af77eae7\"><a href=\"https:\/\/www.verinarrmundo.pl\/index.php\/2020\/06\/25\/read-post-5\/\">Read has six identical post with six categories and one image<\/a><\/h2>\n\n\n\n<p class=\"gb-text gb-text-a25df619\"><a href=\"https:\/\/www.verinarrmundo.pl\/author\/admin1635\/\">Tomasz Brzozowski<\/a><\/p>\n\n\n\n<p class=\"gb-text gb-text-49637be7\">|<\/p>\n\n\n\n<p class=\"gb-text gb-text-bc758605\">2020-06-25<\/p>\n\n\n\n<p class=\"gb-text gb-text-cb340bff\">|<\/p>\n\n\n\n<p class=\"gb-text gb-text-6feaa150\"><a href=\"https:\/\/www.verinarrmundo.pl\/index.php\/category\/eipro\/\" rel=\"tag\">Eseje i \u201ePro memoria\u201d<\/a><\/p>\n<\/article>\n\n<article class=\"gb-loop-item post-2007 post type-post status-publish format-standard has-post-thumbnail hentry category-coire generate-columns tablet-grid-50 mobile-grid-100 grid-parent grid-33\">\n<img loading=\"lazy\" decoding=\"async\" width=\"1000\" height=\"563\" alt=\"\" data-media-id=\"2073\" class=\"gb-media-fba392a5\" src=\"https:\/\/www.verinarrmundo.pl\/wp-content\/uploads\/2020\/06\/press-photo-1.jpg\" srcset=\"https:\/\/www.verinarrmundo.pl\/wp-content\/uploads\/2020\/06\/press-photo-1.jpg 1000w, https:\/\/www.verinarrmundo.pl\/wp-content\/uploads\/2020\/06\/press-photo-1-300x169.jpg 300w, https:\/\/www.verinarrmundo.pl\/wp-content\/uploads\/2020\/06\/press-photo-1-768x432.jpg 768w\" sizes=\"auto, (max-width: 1000px) 100vw, 1000px\" \/>\n\n\n\n<h2 class=\"gb-text gb-text-af77eae7\"><a href=\"https:\/\/www.verinarrmundo.pl\/index.php\/2020\/06\/25\/read-post-4\/\">Read has six identical post with six categories and one image<\/a><\/h2>\n\n\n\n<p class=\"gb-text gb-text-a25df619\"><a href=\"https:\/\/www.verinarrmundo.pl\/author\/admin1635\/\">Tomasz Brzozowski<\/a><\/p>\n\n\n\n<p class=\"gb-text gb-text-49637be7\">|<\/p>\n\n\n\n<p class=\"gb-text gb-text-bc758605\">2020-06-25<\/p>\n\n\n\n<p class=\"gb-text gb-text-cb340bff\">|<\/p>\n\n\n\n<p class=\"gb-text gb-text-6feaa150\"><a href=\"https:\/\/www.verinarrmundo.pl\/index.php\/category\/coire\/\" rel=\"tag\">Codzienno\u015b\u0107 i rzemios\u0142o<\/a><\/p>\n<\/article>\n\n<article class=\"gb-loop-item post-2005 post type-post status-publish format-standard has-post-thumbnail hentry category-spoiper generate-columns tablet-grid-50 mobile-grid-100 grid-parent grid-33\">\n<img loading=\"lazy\" decoding=\"async\" width=\"1000\" height=\"563\" alt=\"\" data-media-id=\"2073\" class=\"gb-media-fba392a5\" src=\"https:\/\/www.verinarrmundo.pl\/wp-content\/uploads\/2020\/06\/press-photo-1.jpg\" srcset=\"https:\/\/www.verinarrmundo.pl\/wp-content\/uploads\/2020\/06\/press-photo-1.jpg 1000w, https:\/\/www.verinarrmundo.pl\/wp-content\/uploads\/2020\/06\/press-photo-1-300x169.jpg 300w, https:\/\/www.verinarrmundo.pl\/wp-content\/uploads\/2020\/06\/press-photo-1-768x432.jpg 768w\" sizes=\"auto, (max-width: 1000px) 100vw, 1000px\" \/>\n\n\n\n<h2 class=\"gb-text gb-text-af77eae7\"><a href=\"https:\/\/www.verinarrmundo.pl\/index.php\/2020\/06\/25\/read-post-3\/\">Read has six identical post with six categories and one image<\/a><\/h2>\n\n\n\n<p class=\"gb-text gb-text-a25df619\"><a href=\"https:\/\/www.verinarrmundo.pl\/author\/admin1635\/\">Tomasz Brzozowski<\/a><\/p>\n\n\n\n<p class=\"gb-text gb-text-49637be7\">|<\/p>\n\n\n\n<p class=\"gb-text gb-text-bc758605\">2020-06-25<\/p>\n\n\n\n<p class=\"gb-text gb-text-cb340bff\">|<\/p>\n\n\n\n<p class=\"gb-text gb-text-6feaa150\"><a href=\"https:\/\/www.verinarrmundo.pl\/index.php\/category\/spoiper\/\" rel=\"tag\">Spo\u0142ecze\u0144stwo i percepcja<\/a><\/p>\n<\/article>\n\n<article class=\"gb-loop-item post-2003 post type-post status-publish format-standard has-post-thumbnail hentry category-bezipa generate-columns tablet-grid-50 mobile-grid-100 grid-parent grid-33\">\n<img loading=\"lazy\" decoding=\"async\" width=\"1000\" height=\"563\" alt=\"\" data-media-id=\"2073\" class=\"gb-media-fba392a5\" src=\"https:\/\/www.verinarrmundo.pl\/wp-content\/uploads\/2020\/06\/press-photo-1.jpg\" srcset=\"https:\/\/www.verinarrmundo.pl\/wp-content\/uploads\/2020\/06\/press-photo-1.jpg 1000w, https:\/\/www.verinarrmundo.pl\/wp-content\/uploads\/2020\/06\/press-photo-1-300x169.jpg 300w, https:\/\/www.verinarrmundo.pl\/wp-content\/uploads\/2020\/06\/press-photo-1-768x432.jpg 768w\" sizes=\"auto, (max-width: 1000px) 100vw, 1000px\" \/>\n\n\n\n<h2 class=\"gb-text gb-text-af77eae7\"><a href=\"https:\/\/www.verinarrmundo.pl\/index.php\/2020\/06\/25\/read-post-2\/\">Read has six identical post with six categories and one image<\/a><\/h2>\n\n\n\n<p class=\"gb-text gb-text-a25df619\"><a href=\"https:\/\/www.verinarrmundo.pl\/author\/admin1635\/\">Tomasz Brzozowski<\/a><\/p>\n\n\n\n<p class=\"gb-text gb-text-49637be7\">|<\/p>\n\n\n\n<p class=\"gb-text gb-text-bc758605\">2020-06-25<\/p>\n\n\n\n<p class=\"gb-text gb-text-cb340bff\">|<\/p>\n\n\n\n<p class=\"gb-text gb-text-6feaa150\"><a href=\"https:\/\/www.verinarrmundo.pl\/index.php\/category\/bezipa\/\" rel=\"tag\">Bezpiecze\u0144stwo i pa\u0144stwo<\/a><\/p>\n<\/article>\n<\/div><\/div>\n<\/div>\n\n\n\n<div class=\"gb-element-283e2aec\"><div class=\"gb-grid-wrapper gb-grid-wrapper-a32e7133\">\n<div class=\"gb-grid-column gb-grid-column-8be7ff8a\"><div class=\"gb-container gb-container-8be7ff8a\">\n\n<h4 class=\"gb-text gb-text-da234a25\">Culture<\/h4>\n\n\n\n<div><\/div>\n\n<\/div><\/div>\n\n<div class=\"gb-grid-column gb-grid-column-777437dc\"><div class=\"gb-container gb-container-777437dc\">\n\n<h4 class=\"gb-text gb-text-638f8746\">Design<\/h4>\n\n\n\n<div><div >\n<article class=\"gb-loop-item post-1 post type-post status-publish format-standard hentry category-non-classe generate-columns tablet-grid-50 mobile-grid-100 grid-parent grid-33\">\n\n\n<h4 class=\"gb-text gb-text-74001ffe\"><a href=\"https:\/\/www.verinarrmundo.pl\/index.php\/2025\/06\/17\/bonjour-tout-le-monde\/\">Bonjour tout le monde\u00a0!<\/a><\/h4>\n\n\n\n<p class=\"gb-text gb-text-4ae6c6d3\"><a href=\"https:\/\/www.verinarrmundo.pl\/author\/admin1635\/\">Tomasz Brzozowski<\/a><\/p>\n\n\n\n<p class=\"gb-text gb-text-9ef83d51\">|<\/p>\n\n\n\n<p class=\"gb-text gb-text-6e60afaf\">2025-06-17<\/p>\n<\/article>\n<\/div><\/div>\n\n<\/div><\/div>\n\n<div class=\"gb-grid-column gb-grid-column-b05f7d62\"><div class=\"gb-container gb-container-b05f7d62\">\n\n<h4 class=\"gb-text gb-text-b86b1e0c\">Development<\/h4>\n\n\n\n<div><\/div>\n\n<\/div><\/div>\n\n<div class=\"gb-grid-column gb-grid-column-a6c2dc56\"><div class=\"gb-container gb-container-a6c2dc56\">\n\n<h4 class=\"gb-text gb-text-1eefa282\">Mindfulness<\/h4>\n\n\n\n<div><div >\n<article class=\"gb-loop-item post-2007 post type-post status-publish format-standard has-post-thumbnail hentry category-coire generate-columns tablet-grid-50 mobile-grid-100 grid-parent grid-33\">\n<img loading=\"lazy\" decoding=\"async\" width=\"1000\" height=\"563\" alt=\"\" data-media-id=\"2073\" class=\"gb-media-025fa47d\" src=\"https:\/\/www.verinarrmundo.pl\/wp-content\/uploads\/2020\/06\/press-photo-1.jpg\" srcset=\"https:\/\/www.verinarrmundo.pl\/wp-content\/uploads\/2020\/06\/press-photo-1.jpg 1000w, https:\/\/www.verinarrmundo.pl\/wp-content\/uploads\/2020\/06\/press-photo-1-300x169.jpg 300w, https:\/\/www.verinarrmundo.pl\/wp-content\/uploads\/2020\/06\/press-photo-1-768x432.jpg 768w\" sizes=\"auto, (max-width: 1000px) 100vw, 1000px\" \/>\n\n\n\n<h4 class=\"gb-text gb-text-6026a366\"><a href=\"https:\/\/www.verinarrmundo.pl\/index.php\/2020\/06\/25\/read-post-4\/\">Read has six identical post with six categories and one image<\/a><\/h4>\n\n\n\n<p class=\"gb-text gb-text-4b01311e\"><a href=\"https:\/\/www.verinarrmundo.pl\/author\/admin1635\/\">Tomasz Brzozowski<\/a><\/p>\n\n\n\n<p class=\"gb-text gb-text-cb7d3d5e\">|<\/p>\n\n\n\n<p class=\"gb-text gb-text-4ce33d78\">2020-06-25<\/p>\n<\/article>\n<\/div><\/div>\n\n<\/div><\/div>\n\n<div class=\"gb-grid-column gb-grid-column-a2c0a812\"><div class=\"gb-container gb-container-a2c0a812\">\n\n<h4 class=\"gb-text gb-text-edd42e73\">Productivity<\/h4>\n\n\n\n<div><div >\n<article class=\"gb-loop-item post-2009 post type-post status-publish format-standard has-post-thumbnail hentry category-eipro generate-columns tablet-grid-50 mobile-grid-100 grid-parent grid-33\">\n<img loading=\"lazy\" decoding=\"async\" width=\"1000\" height=\"563\" alt=\"\" data-media-id=\"2073\" class=\"gb-media-1278dfbc\" src=\"https:\/\/www.verinarrmundo.pl\/wp-content\/uploads\/2020\/06\/press-photo-1.jpg\" srcset=\"https:\/\/www.verinarrmundo.pl\/wp-content\/uploads\/2020\/06\/press-photo-1.jpg 1000w, https:\/\/www.verinarrmundo.pl\/wp-content\/uploads\/2020\/06\/press-photo-1-300x169.jpg 300w, https:\/\/www.verinarrmundo.pl\/wp-content\/uploads\/2020\/06\/press-photo-1-768x432.jpg 768w\" sizes=\"auto, (max-width: 1000px) 100vw, 1000px\" \/>\n\n\n\n<h4 class=\"gb-text gb-text-afe564a3\"><a href=\"https:\/\/www.verinarrmundo.pl\/index.php\/2020\/06\/25\/read-post-5\/\">Read has six identical post with six categories and one image<\/a><\/h4>\n\n\n\n<p class=\"gb-text gb-text-303a10cd\"><a href=\"https:\/\/www.verinarrmundo.pl\/author\/admin1635\/\">Tomasz Brzozowski<\/a><\/p>\n\n\n\n<p class=\"gb-text gb-text-4177d2a2\">|<\/p>\n\n\n\n<p class=\"gb-text gb-text-7722de6c\">2020-06-25<\/p>\n<\/article>\n<\/div><\/div>\n\n<\/div><\/div>\n\n<div class=\"gb-grid-column gb-grid-column-ce5c7415\"><div class=\"gb-container gb-container-ce5c7415\">\n\n<h4 class=\"gb-text gb-text-7cb94347\">Technology<\/h4>\n\n\n\n<div><div >\n<article class=\"gb-loop-item post-2500 post type-post status-publish format-standard hentry category-spoiper tag-cywilizacja-judeo-chrzescijanska tag-neomarksizm tag-poststrukturalizm tag-rewolucja-francuska generate-columns tablet-grid-50 mobile-grid-100 grid-parent grid-33\">\n\n\n<h4 class=\"gb-text gb-text-4a2e64b2\"><a href=\"https:\/\/www.verinarrmundo.pl\/index.php\/2025\/06\/22\/rytm-buntu-i-pamieci\/\">Rytm buntu i pami\u0119ci \u2013 cywilizacja mi\u0119dzy dziedzictwem a rewolucj\u0105<\/a><\/h4>\n\n\n\n<p class=\"gb-text gb-text-26b17158\"><a href=\"https:\/\/www.verinarrmundo.pl\/author\/admin1635\/\">Tomasz Brzozowski<\/a><\/p>\n\n\n\n<p class=\"gb-text gb-text-c8025b35\">|<\/p>\n\n\n\n<p class=\"gb-text gb-text-78edc603\">2025-06-22<\/p>\n<\/article>\n<\/div><\/div>\n\n<\/div><\/div>\n<\/div><\/div>\n<\/div>\n<\/section>\n","protected":false},"excerpt":{"rendered":"<p> &#8230; <a title=\"Home\" class=\"read-more\" href=\"https:\/\/www.verinarrmundo.pl\/\" aria-label=\"Dowiedz si\u0119 wi\u0119cej o Home\">Czytaj dalej<\/a><\/p>\n","protected":false},"author":1,"featured_media":0,"parent":0,"menu_order":0,"comment_status":"closed","ping_status":"closed","template":"","meta":{"footnotes":""},"class_list":["post-2446","page","type-page","status-publish"],"_links":{"self":[{"href":"https:\/\/www.verinarrmundo.pl\/index.php\/wp-json\/wp\/v2\/pages\/2446","targetHints":{"allow":["GET"]}}],"collection":[{"href":"https:\/\/www.verinarrmundo.pl\/index.php\/wp-json\/wp\/v2\/pages"}],"about":[{"href":"https:\/\/www.verinarrmundo.pl\/index.php\/wp-json\/wp\/v2\/types\/page"}],"author":[{"embeddable":true,"href":"https:\/\/www.verinarrmundo.pl\/index.php\/wp-json\/wp\/v2\/users\/1"}],"replies":[{"embeddable":true,"href":"https:\/\/www.verinarrmundo.pl\/index.php\/wp-json\/wp\/v2\/comments?post=2446"}],"version-history":[{"count":2,"href":"https:\/\/www.verinarrmundo.pl\/index.php\/wp-json\/wp\/v2\/pages\/2446\/revisions"}],"predecessor-version":[{"id":2456,"href":"https:\/\/www.verinarrmundo.pl\/index.php\/wp-json\/wp\/v2\/pages\/2446\/revisions\/2456"}],"wp:attachment":[{"href":"https:\/\/www.verinarrmundo.pl\/index.php\/wp-json\/wp\/v2\/media?parent=2446"}],"curies":[{"name":"wp","href":"https:\/\/api.w.org\/{rel}","templated":true}]}}